{"id":340,"date":"2011-06-13T14:17:16","date_gmt":"2011-06-13T13:17:16","guid":{"rendered":"http:\/\/van1ty.de\/ttctrierweiler.de\/cms\/?page_id=340"},"modified":"2024-12-14T08:47:42","modified_gmt":"2024-12-14T07:47:42","slug":"kinderturnen","status":"publish","type":"page","link":"https:\/\/www.ttctrierweiler.de\/?page_id=340","title":{"rendered":"Kinderturnen"},"content":{"rendered":"<p>Hier geht es vor allem darum einen Einstieg in die Welt der Bewegungen zu erleben. Neben gemeinsamen Spielen, die sowohl allgemeine motorische F\u00e4higkeiten, als auch soziale Kompetenzen st\u00e4rken sollen, lernen die Kinder hier in\u00a0 abwechslungsreichen Bewegungslandschaften ihren K\u00f6rper zu koordinieren und die eigenen M\u00f6glichkeiten einzusch\u00e4tzen.<\/p>\n<p>Kinderturnen ist die optimale Grundlage f\u00fcr jegliche weitere sportliche Ausbildung, da es in vielen Aspekten eine Basis<br \/>\nschafft, die sp\u00e4ter nur schwer nachzuholen ist. Das Hauptaugenmerk liegt jedoch immer auf dem Spa\u00df der Kinder.<\/p>\n<p><strong>Trainingsort:<\/strong><br \/>\nTurnhalle der Grundschule Trierweiler<\/p>\n<p><strong>Trainigszeiten:<\/strong><span style=\"font-size: 1rem;\">\u00a0<b>Montags\u00a0<\/b>von 16.30 &#8211; 17.30 Uhr<\/span><\/p>\n<p><strong>Kontakt<br \/>\n<\/strong>Sabine Bauer<br \/>\nkinderturnen@ttctrierweiler.de<\/p>\n","protected":false},"excerpt":{"rendered":"<p>Hier geht es vor allem darum einen Einstieg in die Welt der Bewegungen zu erleben. Neben gemeinsamen Spielen, die sowohl allgemeine motorische F\u00e4higkeiten, als auch soziale Kompetenzen st\u00e4rken sollen, lernen die Kinder hier in\u00a0 abwechslungsreichen Bewegungslandschaften ihren K\u00f6rper zu koordinieren und die eigenen M\u00f6glichkeiten einzusch\u00e4tzen. Kinderturnen ist die optimale Grundlage f\u00fcr jegliche weitere sportliche Ausbildung, [&hellip;]<\/p>\n","protected":false},"author":6,"featured_media":0,"parent":0,"menu_order":4,"comment_status":"closed","ping_status":"closed","template":"","meta":{"footnotes":""},"class_list":["post-340","page","type-page","status-publish","hentry"],"jetpack_sharing_enabled":true,"_links":{"self":[{"href":"https:\/\/www.ttctrierweiler.de\/index.php?rest_route=\/wp\/v2\/pages\/340","targetHints":{"allow":["GET"]}}],"collection":[{"href":"https:\/\/www.ttctrierweiler.de\/index.php?rest_route=\/wp\/v2\/pages"}],"about":[{"href":"https:\/\/www.ttctrierweiler.de\/index.php?rest_route=\/wp\/v2\/types\/page"}],"author":[{"embeddable":true,"href":"https:\/\/www.ttctrierweiler.de\/index.php?rest_route=\/wp\/v2\/users\/6"}],"replies":[{"embeddable":true,"href":"https:\/\/www.ttctrierweiler.de\/index.php?rest_route=%2Fwp%2Fv2%2Fcomments&post=340"}],"version-history":[{"count":20,"href":"https:\/\/www.ttctrierweiler.de\/index.php?rest_route=\/wp\/v2\/pages\/340\/revisions"}],"predecessor-version":[{"id":1873,"href":"https:\/\/www.ttctrierweiler.de\/index.php?rest_route=\/wp\/v2\/pages\/340\/revisions\/1873"}],"wp:attachment":[{"href":"https:\/\/www.ttctrierweiler.de\/index.php?rest_route=%2Fwp%2Fv2%2Fmedia&parent=340"}],"curies":[{"name":"wp","href":"https:\/\/api.w.org\/{rel}","templated":true}]}}